{"id":41,"date":"2026-04-21T07:37:10","date_gmt":"2026-04-21T07:37:10","guid":{"rendered":"https:\/\/institutduvirtuel.eu\/?page_id=41"},"modified":"2026-04-24T11:02:09","modified_gmt":"2026-04-24T11:02:09","slug":"les-membres-de-l1vs0","status":"publish","type":"page","link":"http:\/\/institutduvirtuel.eu\/index.php\/les-membres-de-l1vs0\/","title":{"rendered":"Les membres de l&#8217;1vs0"},"content":{"rendered":"\n<p><\/p>\n\n\n\n<h1 class=\"wp-block-heading has-text-align-center\"><strong>Le bureau de l&#8217;1vs0<\/strong><\/h1>\n\n\n\n<div class=\"wp-block-group alignwide has-global-padding is-layout-constrained wp-block-group-is-layout-constrained\">\n<h5 class=\"wp-block-heading alignwide has-text-align-center has-xx-large-font-size\" style=\"line-height:1.2\"><sub>Pr\u00e9sident : Sylvain Missonnier<\/sub><\/h5>\n<\/div>\n\n\n\n<figure class=\"wp-block-image aligncenter size-large is-resized\"><a href=\"https:\/\/institutduvirtuel.eu\/index.php\/les-membres-de-l1vs0\/sylvain_missonnier\/\"><img loading=\"lazy\" decoding=\"async\" width=\"1024\" height=\"683\" src=\"http:\/\/institutduvirtuel.eu\/wp-content\/uploads\/2026\/04\/Sylvain_Missonnier-1024x683.jpg\" alt=\"\" class=\"wp-image-42\" style=\"aspect-ratio:1;object-fit:cover;width:298px;height:auto\" srcset=\"http:\/\/institutduvirtuel.eu\/wp-content\/uploads\/2026\/04\/Sylvain_Missonnier-1024x683.jpg 1024w, http:\/\/institutduvirtuel.eu\/wp-content\/uploads\/2026\/04\/Sylvain_Missonnier-300x200.jpg 300w, http:\/\/institutduvirtuel.eu\/wp-content\/uploads\/2026\/04\/Sylvain_Missonnier-768x512.jpg 768w, http:\/\/institutduvirtuel.eu\/wp-content\/uploads\/2026\/04\/Sylvain_Missonnier-1536x1024.jpg 1536w, http:\/\/institutduvirtuel.eu\/wp-content\/uploads\/2026\/04\/Sylvain_Missonnier-2048x1365.jpg 2048w\" sizes=\"auto, (max-width: 1024px) 100vw, 1024px\" \/><\/a><\/figure>\n\n\n\n<p><strong>Sylvain Missonnier&nbsp;<\/strong>est professeur \u00e9m\u00e9rite de psychologie clinique de la p\u00e9rinatalit\u00e9 \u00e0 l\u2019universit\u00e9 Paris Cit\u00e9, membre du laboratoire PCPP (EA 4056). Psychologue \u00e0 l\u2019h\u00f4pital Necker-Enfants malades, service de psychiatrie infantile, il est psychanalyste SPP, pr\u00e9sident de l\u2019Institut du Virtuel Seine Ouest et directeur de la collection \u00ab&nbsp;<a href=\"https:\/\/www.editions-eres.com\/collection\/135\/vie-de-l-enfant-la\">La vie de l\u2019enfant<\/a>&nbsp;\u00bb chez \u00c9r\u00e8s.<\/p>\n\n\n\n<p><\/p>\n\n\n\n<h1 class=\"wp-block-heading alignwide has-text-align-center has-xx-large-font-size\" style=\"line-height:1.2\"><sub>Pr\u00e9sident d&#8217;honneur : Patrice Huerre<\/sub><\/h1>\n\n\n\n<figure class=\"wp-block-image aligncenter size-full is-resized\"><img loading=\"lazy\" decoding=\"async\" width=\"740\" height=\"740\" src=\"https:\/\/institutduvirtuel.eu\/wp-content\/uploads\/2026\/04\/Patrice_Huerre-2.png\" alt=\"\" class=\"wp-image-62\" style=\"object-fit:cover;width:306px;height:auto\" srcset=\"http:\/\/institutduvirtuel.eu\/wp-content\/uploads\/2026\/04\/Patrice_Huerre-2.png 740w, http:\/\/institutduvirtuel.eu\/wp-content\/uploads\/2026\/04\/Patrice_Huerre-2-300x300.png 300w, http:\/\/institutduvirtuel.eu\/wp-content\/uploads\/2026\/04\/Patrice_Huerre-2-150x150.png 150w\" sizes=\"auto, (max-width: 740px) 100vw, 740px\" \/><\/figure>\n\n\n\n<p><strong>Patrice Huerre<\/strong> est p\u00e9dopsychiatre des h\u00f4pitaux, psychanalyste et psychoth\u00e9rapeute. Il est pr\u00e9sident d\u2019honneur de l\u2019Institut du Virtuel Seine Ouest et \u00e9galement consultant en entreprises.<\/p>\n\n\n\n<p><\/p>\n\n\n\n<h1 class=\"wp-block-heading alignwide has-text-align-center has-xx-large-font-size\" style=\"line-height:1.2\"><sub>Vice-Pr\u00e9sident : Bruno Jarry<\/sub><\/h1>\n\n\n\n<figure class=\"wp-block-image aligncenter size-full is-resized\"><img loading=\"lazy\" decoding=\"async\" width=\"275\" height=\"183\" src=\"https:\/\/institutduvirtuel.eu\/wp-content\/uploads\/2026\/04\/Bruno_Jarry-2.jpeg\" alt=\"\" class=\"wp-image-65\" style=\"aspect-ratio:1;object-fit:cover;width:288px;height:auto\"\/><\/figure>\n\n\n\n<p><strong>Bruno JARRY<\/strong>&nbsp;est directeur de l&#8217;association&nbsp;<em>Cultures, Loisirs, Animations de la Ville d&#8217;Issy-les-Moulineaux&nbsp;<\/em>(CLAVIM). Il a notamment contribu\u00e9 \u00e0 la cr\u00e9ation de structures pour les enfants et leurs familles : L&#8217;Apart\u00e9 (<em>lieu d&#8217;accueil enfant-parents<\/em>), L&#8217;Espace Parent-Enfant et l&#8217;Espace Andree Chedid. Militant dans de nombreuses associations, il est membre du Haut Conseil de la Famille, de l&#8217;Enfance et de l&#8217;Age.Enfin, il participe aux comit\u00e9s de r\u00e9daction des revues de&nbsp;<em>Lecture Jeune<\/em>&nbsp;et de&nbsp;<em>L\u2019\u00e9cole des parents<\/em>&nbsp;et au comit\u00e9 de lecture de la collection<em>&nbsp;Cybercultures<\/em>.&nbsp;<\/p>\n\n\n\n<p><\/p>\n\n\n\n<h1 class=\"wp-block-heading alignwide has-text-align-center has-xx-large-font-size\" style=\"line-height:1.2\"><sub>Secr\u00e9taire G\u00e9n\u00e9rale : Xanthie Vlachopoulou<\/sub><\/h1>\n\n\n\n<figure class=\"wp-block-image aligncenter size-full is-resized\"><img loading=\"lazy\" decoding=\"async\" width=\"225\" height=\"225\" src=\"https:\/\/institutduvirtuel.eu\/wp-content\/uploads\/2026\/04\/Xanthie_Vlachopoulou-1.jpeg\" alt=\"\" class=\"wp-image-67\" style=\"object-fit:cover;width:276px;height:auto\" srcset=\"http:\/\/institutduvirtuel.eu\/wp-content\/uploads\/2026\/04\/Xanthie_Vlachopoulou-1.jpeg 225w, http:\/\/institutduvirtuel.eu\/wp-content\/uploads\/2026\/04\/Xanthie_Vlachopoulou-1-150x150.jpeg 150w\" sizes=\"auto, (max-width: 225px) 100vw, 225px\" \/><\/figure>\n\n\n\n<p><strong>Xanthie Vlachopoulou<\/strong> est psychologue clinicienne, ma\u00eetre de conf\u00e9rences en psychologie clinique et psychopathologie des r\u00e9alit\u00e9s virtuelles \u00e0 l\u2019Universit\u00e9 Paris Cit\u00e9, UR 4056, Laboratoire PCPP. Elle est membre fondateur et secr\u00e9taire g\u00e9n\u00e9rale de l\u2019Institut du Virtuel Seine Ouest. Elle co-dirige la collection <em>Cybercultures<\/em>.<\/p>\n\n\n\n<p><\/p>\n\n\n\n<h1 class=\"wp-block-heading alignwide has-text-align-center has-xx-large-font-size\" style=\"line-height:1.2\"><sub>Tr\u00e9sori\u00e8re : Lise Haddouk<\/sub><\/h1>\n\n\n\n<figure class=\"wp-block-image aligncenter size-full is-resized\"><img loading=\"lazy\" decoding=\"async\" width=\"228\" height=\"221\" src=\"https:\/\/institutduvirtuel.eu\/wp-content\/uploads\/2026\/04\/Lise_Haddouk-1.jpeg\" alt=\"\" class=\"wp-image-68\" style=\"aspect-ratio:1;object-fit:cover;width:286px;height:auto\"\/><\/figure>\n\n\n\n<p><strong>Lise Haddouk<\/strong>&nbsp;est ma\u00eetre de conf\u00e9rences HDR au Centre Boreli &#8211; Universit\u00e9 Paris Cit\u00e9. Charg\u00e9e de mission cyberpsychologie \u00e0 la F\u00e9d\u00e9ration fran\u00e7aise des psychologues et de psychologie (FFPP), elle est repr\u00e9sentante de la France pour la FFPP \u00e0 la F\u00e9d\u00e9ration europ\u00e9enne des organisations de psychologues (EFPA) dans le groupe e-sant\u00e9. Elle co-dirige la collection <em>Cybercultures<\/em>.<\/p>\n\n\n\n<p><\/p>\n\n\n\n<p><\/p>\n\n\n\n<p><\/p>\n\n\n\n<p><\/p>\n\n\n\n<h1 class=\"wp-block-heading has-text-align-center\"><strong>Les membres titulaires  de l&#8217;1vs0<\/strong><\/h1>\n\n\n\n<p><\/p>\n\n\n\n<p><\/p>\n\n\n\n<figure class=\"wp-block-image aligncenter size-full is-resized\"><img loading=\"lazy\" decoding=\"async\" width=\"200\" height=\"200\" src=\"http:\/\/institutduvirtuel.eu\/wp-content\/uploads\/2026\/04\/Remi_Bailly-3.jpeg\" alt=\"\" class=\"wp-image-100\" style=\"width:305px;height:auto\" srcset=\"http:\/\/institutduvirtuel.eu\/wp-content\/uploads\/2026\/04\/Remi_Bailly-3.jpeg 200w, http:\/\/institutduvirtuel.eu\/wp-content\/uploads\/2026\/04\/Remi_Bailly-3-150x150.jpeg 150w\" sizes=\"auto, (max-width: 200px) 100vw, 200px\" \/><\/figure>\n\n\n\n<p><strong>R\u00e9mi Bailly<\/strong>, p\u00e9dopsychiatre, praticien hospitalier, chef de p\u00f4le du secteur 94i02-CCASA, h\u00f4pitaux Paris Est Val de Marne, chefferie de p\u00f4le.&nbsp;<\/p>\n\n\n\n<p><\/p>\n\n\n\n<p><\/p>\n\n\n\n<p><\/p>\n\n\n\n<figure class=\"wp-block-image aligncenter size-full is-resized\"><img loading=\"lazy\" decoding=\"async\" width=\"269\" height=\"187\" src=\"http:\/\/institutduvirtuel.eu\/wp-content\/uploads\/2026\/04\/Elsa_Godart-2.jpeg\" alt=\"\" class=\"wp-image-85\" style=\"aspect-ratio:1.438528306775489;width:375px;height:auto\"\/><\/figure>\n\n\n\n<p><strong>Elsa Godart,<\/strong> philosophe, psychanalyste, chercheuse au LIPHA (Universit\u00e9 Gustave Eiffel), associ\u00e9e au LAP (EHESS\/CNRS), responsable du DU \u00ab&nbsp;\u00c9thique et Num\u00e9rique&nbsp;\u00bb (Facult\u00e9 de Sant\u00e9 de l\u2019UPEC).<\/p>\n\n\n\n<p><\/p>\n\n\n\n<p><\/p>\n\n\n\n<p><\/p>\n\n\n\n<figure class=\"wp-block-image aligncenter size-full is-resized\"><img loading=\"lazy\" decoding=\"async\" width=\"200\" height=\"200\" src=\"http:\/\/institutduvirtuel.eu\/wp-content\/uploads\/2026\/04\/Angelique_Gozlan-1.jpeg\" alt=\"\" class=\"wp-image-86\" style=\"width:305px;height:auto\" srcset=\"http:\/\/institutduvirtuel.eu\/wp-content\/uploads\/2026\/04\/Angelique_Gozlan-1.jpeg 200w, http:\/\/institutduvirtuel.eu\/wp-content\/uploads\/2026\/04\/Angelique_Gozlan-1-150x150.jpeg 150w\" sizes=\"auto, (max-width: 200px) 100vw, 200px\" \/><\/figure>\n\n\n\n<p><strong>Ang\u00e9lique Gozlan,<\/strong> docteure en psychopathologie, psychologue clinicienne, formatrice et chercheuse, elle exerce en service de p\u00e9dopsychiatrie et en cabinet lib\u00e9ral. Elle est l\u2019auteure de plusieurs ouvrages sur l\u2019impact du num\u00e9rique sur les adolescents.<\/p>\n\n\n\n<p><\/p>\n\n\n\n<p><\/p>\n\n\n\n<p><\/p>\n\n\n\n<figure class=\"wp-block-image aligncenter size-full is-resized\"><img loading=\"lazy\" decoding=\"async\" width=\"195\" height=\"258\" src=\"http:\/\/institutduvirtuel.eu\/wp-content\/uploads\/2026\/04\/Marion_Haza_Pery-1.jpeg\" alt=\"\" class=\"wp-image-88\" style=\"width:265px;height:auto\"\/><\/figure>\n\n\n\n<p><strong>Marion Haza-Pery,<\/strong> psychologue lib\u00e9rale et directrice de recherche PCPP universit\u00e9 de Paris&nbsp;Pr\u00e9sidente de l\u2019Observatoire de la Parentalit\u00e9 et de l\u2019\u00c9ducation Num\u00e9rique. Fondatrice et pr\u00e9sidente de l\u2019Association CAM\u00c9L\u00c9ON, secr\u00e9taire g\u00e9n\u00e9rale du Coll\u00e8ge International de l\u2019Adolescence (CILA).<\/p>\n\n\n\n<p><\/p>\n\n\n\n<p><\/p>\n\n\n\n<p><\/p>\n\n\n\n<figure class=\"wp-block-image aligncenter size-full is-resized\"><img loading=\"lazy\" decoding=\"async\" width=\"198\" height=\"208\" src=\"http:\/\/institutduvirtuel.eu\/wp-content\/uploads\/2026\/04\/Simruy_Ikiz-2.jpeg\" alt=\"\" class=\"wp-image-89\" style=\"aspect-ratio:0.9519762005949851;width:268px;height:auto\"\/><\/figure>\n\n\n\n<p><strong>Simruy Ikiz Collino,<\/strong>&nbsp;psychologue clinicienne, ma\u00eetresse de conf\u00e9rences \u00e0 l&#8217;Universit\u00e9 de Poitiers, CAPS. secr\u00e9taire g\u00e9n\u00e9rale adjointe de la Soci\u00e9t\u00e9 du Rorschach et du Coll\u00e8ge International de l&#8217;Adolescence (CILA).<\/p>\n\n\n\n<p><\/p>\n\n\n\n<p><\/p>\n\n\n\n<p><\/p>\n\n\n\n<figure class=\"wp-block-image aligncenter size-full is-resized\"><img loading=\"lazy\" decoding=\"async\" width=\"194\" height=\"259\" src=\"http:\/\/institutduvirtuel.eu\/wp-content\/uploads\/2026\/04\/JeanLuc_Rinaudo.jpeg\" alt=\"\" class=\"wp-image-90\" style=\"width:313px;height:auto\"\/><\/figure>\n\n\n\n<p><strong>Jean-Luc Rinaudo<\/strong>, professeur \u00e9m\u00e9rite en sciences de l&#8217;\u00e9ducation, Laboratoire Cirnef EA 7454, Universit\u00e9 de Rouen Normandie.<\/p>\n\n\n\n<p><\/p>\n\n\n\n<p><\/p>\n\n\n\n<p><\/p>\n\n\n\n<figure class=\"wp-block-image aligncenter size-full is-resized\"><img loading=\"lazy\" decoding=\"async\" width=\"178\" height=\"284\" src=\"http:\/\/institutduvirtuel.eu\/wp-content\/uploads\/2026\/04\/Patrick_De_Saint_Jacob.jpeg\" alt=\"\" class=\"wp-image-91\" style=\"aspect-ratio:0.626778882938026;width:280px;height:auto\"\/><\/figure>\n\n\n\n<p><strong>Patrick de Saint-Jacob<\/strong>, ancien cadre dirigeant dans le secteur des \u00e9tablissements de sant\u00e9 priv\u00e9s.<\/p>\n\n\n\n<p><\/p>\n\n\n\n<p><\/p>\n\n\n\n<p><\/p>\n\n\n\n<figure class=\"wp-block-image aligncenter size-full is-resized\"><img loading=\"lazy\" decoding=\"async\" width=\"200\" height=\"200\" src=\"http:\/\/institutduvirtuel.eu\/wp-content\/uploads\/2026\/04\/Coraline_Schoenacker-1.jpeg\" alt=\"\" class=\"wp-image-93\" style=\"width:313px;height:auto\" srcset=\"http:\/\/institutduvirtuel.eu\/wp-content\/uploads\/2026\/04\/Coraline_Schoenacker-1.jpeg 200w, http:\/\/institutduvirtuel.eu\/wp-content\/uploads\/2026\/04\/Coraline_Schoenacker-1-150x150.jpeg 150w\" sizes=\"auto, (max-width: 200px) 100vw, 200px\" \/><\/figure>\n\n\n\n<p><strong>Coraline Schoenacker,<\/strong>&nbsp;psychologue clinicienne aupr\u00e8s d&#8217;enfant, d&#8217;adolescents et d&#8217;adultes en cabinet lib\u00e9ral, et Experte \u00e0 l\u2019Observatoire de la Parentalit\u00e9 et de l\u2019\u00c9ducation Num\u00e9rique.<\/p>\n\n\n\n<p><\/p>\n\n\n\n<p><\/p>\n\n\n\n<p><\/p>\n\n\n\n<figure class=\"wp-block-image aligncenter size-full is-resized\"><img loading=\"lazy\" decoding=\"async\" width=\"150\" height=\"192\" src=\"http:\/\/institutduvirtuel.eu\/wp-content\/uploads\/2026\/04\/Michael_Stora.jpeg\" alt=\"\" class=\"wp-image-94\" style=\"width:302px;height:auto\"\/><\/figure>\n\n\n\n<p><strong>Michael Stora,<\/strong> psychologue et psychanalyste. Il est le fondateur de l&#8217;Observatoire des Mondes Num\u00e9riques en Sciences Humaines (OMNSH)&nbsp;et de l&#8217;Ecole des H\u00e9ros.<\/p>\n\n\n\n<p><\/p>\n\n\n\n<p><\/p>\n\n\n\n<p><\/p>\n\n\n\n<figure class=\"wp-block-image aligncenter size-full is-resized\"><img loading=\"lazy\" decoding=\"async\" width=\"300\" height=\"168\" src=\"http:\/\/institutduvirtuel.eu\/wp-content\/uploads\/2026\/04\/Arnaud_Sylla.jpeg\" alt=\"\" class=\"wp-image-95\" style=\"width:420px;height:auto\"\/><\/figure>\n\n\n\n<p><strong>Arnaud Sylla<\/strong>, psychologue clinicien, membre du Comit\u00e9 de r\u00e9daction de la Nouvelle Revue de l\u2019Enfance et de l\u2019Adolescence, Expert \u00e0 l\u2019Observatoire de la Parentalit\u00e9 et de l\u2019\u00c9ducation Num\u00e9rique.<\/p>\n","protected":false},"excerpt":{"rendered":"<p>Le bureau de l&#8217;1vs0 Pr\u00e9sident : Sylvain Missonnier Sylvain Missonnier&nbsp;est professeur \u00e9m\u00e9rite de psychologie clinique de la p\u00e9rinatalit\u00e9 \u00e0 l\u2019universit\u00e9 Paris Cit\u00e9, membre du laboratoire PCPP (EA 4056). Psychologue \u00e0 l\u2019h\u00f4pital Necker-Enfants malades, service de psychiatrie infantile, il est psychanalyste SPP, pr\u00e9sident de l\u2019Institut du Virtuel Seine Ouest et directeur de la collection \u00ab&nbsp;La vie [&hellip;]<\/p>\n","protected":false},"author":1,"featured_media":0,"parent":0,"menu_order":0,"comment_status":"closed","ping_status":"closed","template":"","meta":{"footnotes":""},"class_list":["post-41","page","type-page","status-publish","hentry"],"_links":{"self":[{"href":"http:\/\/institutduvirtuel.eu\/index.php\/wp-json\/wp\/v2\/pages\/41","targetHints":{"allow":["GET"]}}],"collection":[{"href":"http:\/\/institutduvirtuel.eu\/index.php\/wp-json\/wp\/v2\/pages"}],"about":[{"href":"http:\/\/institutduvirtuel.eu\/index.php\/wp-json\/wp\/v2\/types\/page"}],"author":[{"embeddable":true,"href":"http:\/\/institutduvirtuel.eu\/index.php\/wp-json\/wp\/v2\/users\/1"}],"replies":[{"embeddable":true,"href":"http:\/\/institutduvirtuel.eu\/index.php\/wp-json\/wp\/v2\/comments?post=41"}],"version-history":[{"count":40,"href":"http:\/\/institutduvirtuel.eu\/index.php\/wp-json\/wp\/v2\/pages\/41\/revisions"}],"predecessor-version":[{"id":241,"href":"http:\/\/institutduvirtuel.eu\/index.php\/wp-json\/wp\/v2\/pages\/41\/revisions\/241"}],"wp:attachment":[{"href":"http:\/\/institutduvirtuel.eu\/index.php\/wp-json\/wp\/v2\/media?parent=41"}],"curies":[{"name":"wp","href":"https:\/\/api.w.org\/{rel}","templated":true}]}}