{"id":190,"date":"2026-04-24T09:20:20","date_gmt":"2026-04-24T09:20:20","guid":{"rendered":"https:\/\/institutduvirtuel.eu\/?page_id=190"},"modified":"2026-04-24T11:00:17","modified_gmt":"2026-04-24T11:00:17","slug":"formations","status":"publish","type":"page","link":"http:\/\/institutduvirtuel.eu\/index.php\/formations\/","title":{"rendered":"Formations"},"content":{"rendered":"\n<p><\/p>\n\n\n\n<div class=\"wp-block-group alignwide has-global-padding is-layout-constrained wp-block-group-is-layout-constrained\">\n<h1 class=\"wp-block-heading alignwide has-x-large-font-size\" style=\"line-height:1.2\">Les membres de l\u2019IVSO con\u00e7oivent et animent des formations \u00e0 destination des \u00e9tudiants et professionnels de la sant\u00e9, du social, de la culture et de l\u2019\u00e9ducation.<\/h1>\n<\/div>\n\n\n\n<p><\/p>\n\n\n\n<p><\/p>\n\n\n\n<p><\/p>\n\n\n\n<h2 class=\"wp-block-heading\"><strong>DU Pratiques transdisciplinaires des m\u00e9diations num\u00e9riques<\/strong><\/h2>\n\n\n\n<p><\/p>\n\n\n\n<p>Le Dipl\u00f4me Universitaire \u00ab Pratiques transdisciplinaires des m\u00e9diations num\u00e9riques \u00bb rel\u00e8ve des sciences humaines et sociales, avec une sp\u00e9cialit\u00e9 en psychologie et m\u00e9diations num\u00e9riques.<br>Il est port\u00e9 par la Facult\u00e9 Soci\u00e9t\u00e9s et Humanit\u00e9s de l\u2019Universit\u00e9 Paris Cit\u00e9.<\/p>\n\n\n\n<p>La formation propose une approche pluridisciplinaire des usages contemporains du num\u00e9rique et des r\u00e9alit\u00e9s virtuelles, en articulation avec les pratiques professionnelles.<\/p>\n\n\n\n<p>Elle est plac\u00e9e sous la responsabilit\u00e9 p\u00e9dagogique de Sylvain Missonnier et Pascale Piolino, et coordonn\u00e9e par Bruno Jarry et Xanthie Vlachopoulou.<\/p>\n\n\n\n<p>Le volume horaire est de 84 heures, r\u00e9parties sur une ann\u00e9e de janvier \u00e0 novembre.<br>Elle comprend 7 modules th\u00e9matiques et un module transversal consacr\u00e9 au m\u00e9moire.<\/p>\n\n\n\n<p>Les enseignements abordent notamment :<\/p>\n\n\n\n<ul class=\"wp-block-list\">\n<li>le virtuel et les usages num\u00e9riques<\/li>\n\n\n\n<li>les m\u00e9diations num\u00e9riques et les dispositifs immersifs<\/li>\n\n\n\n<li>les serious games et la culture num\u00e9rique<\/li>\n\n\n\n<li>la cyberpsychologie et la t\u00e9l\u00e9pr\u00e9sence<\/li>\n\n\n\n<li>les enjeux \u00e9thiques, juridiques et les d\u00e9rives du num\u00e9rique<\/li>\n\n\n\n<li>les usages du num\u00e9rique aux diff\u00e9rents \u00e2ges de la vie<\/li>\n<\/ul>\n\n\n\n<p>La formation est organis\u00e9e en format hybride (pr\u00e9sentiel et distanciel), avec des cours en pr\u00e9sentiel \u00e0 Boulogne-Billancourt et des enseignements \u00e0 distance via des outils num\u00e9riques.<\/p>\n\n\n\n<p>Elle s\u2019adresse aux professionnels et dipl\u00f4m\u00e9s des secteurs de la sant\u00e9, du social, du m\u00e9dico-social, de l\u2019\u00e9ducation, de la culture, de la justice et de la pr\u00e9vention.<\/p>\n\n\n\n<p>L\u2019inscription se fait en ligne apr\u00e8s d\u00e9p\u00f4t de candidature sur la plateforme officielle :<br><a>https:\/\/candidature.u-paris.fr<\/a>&nbsp;(plateforme C@nditOnLine \u2013 r\u00e9f\u00e9rence DUC621)<\/p>\n\n\n\n<p>Site officiel de la formation :<br><a href=\"https:\/\/odf.u-paris.fr\/\">https:\/\/odf.u-paris.fr<\/a>&nbsp;(Universit\u00e9 Paris Cit\u00e9 \u2013 offre de formation DU m\u00e9diations num\u00e9riques)<\/p>\n\n\n\n<p><\/p>\n\n\n\n<p><\/p>\n\n\n\n<h2 class=\"wp-block-heading\"><strong>DU \u00c9thique et num\u00e9rique<\/strong><\/h2>\n\n\n\n<p>Le Dipl\u00f4me Universitaire \u00ab \u00c9thique et num\u00e9rique \u00bb s\u2019inscrit dans le domaine des sciences humaines et sociales, au sein de l\u2019UFR de Sant\u00e9 de l\u2019Universit\u00e9 Paris-Est Cr\u00e9teil (UPEC).<\/p>\n\n\n\n<p>Il propose une r\u00e9flexion sur les enjeux \u00e9thiques li\u00e9s aux transformations num\u00e9riques dans le champ de la sant\u00e9, en articulant pratiques professionnelles, \u00e9volutions technologiques et questionnements contemporains.<\/p>\n\n\n\n<p>La formation vise \u00e0 int\u00e9grer les enjeux du num\u00e9rique au monde de la sant\u00e9 tout en maintenant une r\u00e9flexion \u00e9thique structur\u00e9e. Elle interroge notamment les mutations des m\u00e9tiers, la place des nouvelles technologies, des r\u00e9seaux sociaux et des syst\u00e8mes automatis\u00e9s dans les pratiques de soin.<\/p>\n\n\n\n<p>Elle est organis\u00e9e sur une dur\u00e9e de 110 heures r\u00e9parties sur 9 mois, en format hybride (pr\u00e9sentiel et distanciel), sur le campus Henri Mondor \u00e0 Cr\u00e9teil.<\/p>\n\n\n\n<p>Les objectifs principaux sont :<\/p>\n\n\n\n<ul class=\"wp-block-list\">\n<li>d\u00e9velopper une r\u00e9flexion \u00e9thique appliqu\u00e9e au num\u00e9rique en sant\u00e9<\/li>\n\n\n\n<li>former \u00e0 l\u2019identification et \u00e0 la pr\u00e9vention des risques li\u00e9s aux usages num\u00e9riques<\/li>\n\n\n\n<li>accompagner l\u2019int\u00e9gration du num\u00e9rique dans les pratiques de soin<\/li>\n\n\n\n<li>favoriser la cr\u00e9ation de dispositifs de r\u00e9flexion \u00e9thique (comit\u00e9s, groupes de travail)<\/li>\n<\/ul>\n\n\n\n<p>La formation s\u2019adresse \u00e0 des professionnels du secteur sanitaire et m\u00e9dico-social disposant d\u2019un niveau Bac+3 minimum.<\/p>\n\n\n\n<p>L\u2019\u00e9valuation repose sur la remise d\u2019un m\u00e9moire et l\u2019analyse de cas cliniques.<\/p>\n\n\n\n<p>Responsable p\u00e9dagogique : Elsa Godart<br>Modalit\u00e9s d\u2019inscription : candidature par dossier (CV et lettre de motivation)<\/p>\n\n\n\n<p>Site officiel de la formation :<br><a href=\"https:\/\/www.u-pec.fr\/fr\/formation\/du-ethique-et-numerique?utm_source=chatgpt.com\">https:\/\/www.u-pec.fr\/fr\/formation\/du-ethique-et-numerique<\/a><\/p>\n\n\n\n<p><\/p>\n\n\n\n<p><\/p>\n\n\n\n<p><\/p>\n\n\n\n<p><\/p>\n","protected":false},"excerpt":{"rendered":"<p>Les membres de l\u2019IVSO con\u00e7oivent et animent des formations \u00e0 destination des \u00e9tudiants et professionnels de la sant\u00e9, du social, de la culture et de l\u2019\u00e9ducation. DU Pratiques transdisciplinaires des m\u00e9diations num\u00e9riques Le Dipl\u00f4me Universitaire \u00ab Pratiques transdisciplinaires des m\u00e9diations num\u00e9riques \u00bb rel\u00e8ve des sciences humaines et sociales, avec une sp\u00e9cialit\u00e9 en psychologie et m\u00e9diations [&hellip;]<\/p>\n","protected":false},"author":1,"featured_media":0,"parent":0,"menu_order":0,"comment_status":"closed","ping_status":"closed","template":"","meta":{"footnotes":""},"class_list":["post-190","page","type-page","status-publish","hentry"],"_links":{"self":[{"href":"http:\/\/institutduvirtuel.eu\/index.php\/wp-json\/wp\/v2\/pages\/190","targetHints":{"allow":["GET"]}}],"collection":[{"href":"http:\/\/institutduvirtuel.eu\/index.php\/wp-json\/wp\/v2\/pages"}],"about":[{"href":"http:\/\/institutduvirtuel.eu\/index.php\/wp-json\/wp\/v2\/types\/page"}],"author":[{"embeddable":true,"href":"http:\/\/institutduvirtuel.eu\/index.php\/wp-json\/wp\/v2\/users\/1"}],"replies":[{"embeddable":true,"href":"http:\/\/institutduvirtuel.eu\/index.php\/wp-json\/wp\/v2\/comments?post=190"}],"version-history":[{"count":6,"href":"http:\/\/institutduvirtuel.eu\/index.php\/wp-json\/wp\/v2\/pages\/190\/revisions"}],"predecessor-version":[{"id":239,"href":"http:\/\/institutduvirtuel.eu\/index.php\/wp-json\/wp\/v2\/pages\/190\/revisions\/239"}],"wp:attachment":[{"href":"http:\/\/institutduvirtuel.eu\/index.php\/wp-json\/wp\/v2\/media?parent=190"}],"curies":[{"name":"wp","href":"https:\/\/api.w.org\/{rel}","templated":true}]}}