{"id":170,"date":"2026-04-24T08:47:59","date_gmt":"2026-04-24T08:47:59","guid":{"rendered":"https:\/\/institutduvirtuel.eu\/?page_id=170"},"modified":"2026-04-24T10:59:57","modified_gmt":"2026-04-24T10:59:57","slug":"accompagnement-des-familles","status":"publish","type":"page","link":"http:\/\/institutduvirtuel.eu\/index.php\/accompagnement-des-familles\/","title":{"rendered":"Accompagnement des familles"},"content":{"rendered":"\n<hr class=\"wp-block-separator has-alpha-channel-opacity\"\/>\n\n\n\n<div class=\"wp-block-group alignwide has-global-padding is-layout-constrained wp-block-group-is-layout-constrained\">\n<h2 class=\"wp-block-heading alignwide has-x-large-font-size\" style=\"line-height:1.2\">L\u20191vs0 propose des groupes de parole et conf\u00e9rences aux familles qui questionnent leur rapport au virtuel.<\/h2>\n<\/div>\n\n\n\n<p><\/p>\n\n\n\n<p><\/p>\n\n\n\n<h2 class=\"wp-block-heading\">Les groupes de paroles de parents d\u00e9di\u00e9s au num\u00e9rique<\/h2>\n\n\n\n<p>\u00c0 l\u20191vs0, une des valeurs cardinales de l\u2019association, c\u2019est la croyance de ses membres en l\u2019int\u00e9r\u00eat des actions de sensibilisation et de formation aux enjeux psychologiques et \u00e9ducatifs du num\u00e9rique.<\/p>\n\n\n\n<p>Une m\u00e9fiance \u00e0 l\u2019\u00e9gard des \u00ab&nbsp;yakafaucon&nbsp;\u00bb proclam\u00e9s par des responsables de sant\u00e9 publique dont l\u2019acuit\u00e9 est paralys\u00e9e par la moraline et le principe pr\u00e9caution s\u2019impose.<\/p>\n\n\n\n<p>Notre alternative \u00e0 cette guidance directive qui d\u00e9responsabilise les parents (en sous entendant qu\u2019ils n\u2019ont pas les comp\u00e9tences n\u00e9cessaires et doivent d\u00e9pendre des \u00ab&nbsp;experts&nbsp;\u00bb) a \u00e9t\u00e9 la mise en \u0153uvre des groupes de parole de parents sur les th\u00e9matiques du num\u00e9rique.<\/p>\n\n\n\n<p>Cette r\u00e9ponse doit son existence au soutien sans faille de Bruno Jarry et de la municipalit\u00e9 d\u2019Issy-les Moulineaux. Plut\u00f4t que d\u2019apporter \u00e0 des parents passiv\u00e9s des solutions directives \u00ab&nbsp;expertes&nbsp;\u00bb, offrons-leur un cadre bien temp\u00e9r\u00e9 leur permettant de fabriquer leurs propres r\u00e9ponses face \u00e0 l\u2019usage des \u00e9crans en famille.<\/p>\n\n\n\n<p><\/p>\n\n\n\n<h2 class=\"wp-block-heading\">Th\u00e8mes abord\u00e9s&nbsp;:<\/h2>\n\n\n\n<p><em>Les futurs&nbsp;parents&nbsp;face \u00e0 l\u2019\u00e9chographie 3D&nbsp;<\/em><\/p>\n\n\n\n<p><em>. Les b\u00e9b\u00e9s face aux \u00e9crans de leurs&nbsp;parents<\/em><\/p>\n\n\n\n<p><em>. Pour l\u2019entr\u00e9e en 6<sup>\u00e8me<\/sup>, l\u2019enfant doit-il poss\u00e9der un t\u00e9l\u00e9phone portable&nbsp;avec Internet ?<\/em><\/p>\n\n\n\n<p><em>. Les ados face aux jeux vid\u00e9o<\/em><\/p>\n\n\n\n<p><em>. Le porno&nbsp;et les images trash&nbsp;: quels effets sur les jeunes&nbsp;?&nbsp;<\/em><\/p>\n\n\n\n<p><em>. R\u00e9seaux sociaux&nbsp;: pour le meilleur ou pour le pire&nbsp;?&nbsp;<\/em><\/p>\n\n\n\n<p><em>. Les enfants face au t\u00e9l\u00e9travail des&nbsp;parents<\/em><\/p>\n\n\n\n<p><em>. Peut-on jouer \u00e0 tous les jeux vid\u00e9o avec ses enfants&nbsp;?&nbsp;<\/em><\/p>\n\n\n\n<p><em>. Peut-on laisser son enfant faire ses devoirs avec l\u2019IA&nbsp;?<\/em><\/p>\n\n\n\n<p><\/p>\n\n\n\n<p>Que cette action locale trouve sa source dans la synergie entre l\u2019associatif et le communal devrait en permettre une g\u00e9n\u00e9ralisation nationale sans moyens dispendieux.<\/p>\n\n\n\n<p><\/p>\n\n\n\n<hr class=\"wp-block-separator has-alpha-channel-opacity\"\/>\n\n\n\n<p><\/p>\n\n\n\n<h4 class=\"wp-block-heading\">Si vous \u00eates int\u00e9ress\u00e9 par ces propositions, vous pouvez prendre contact avec l&#8217;Espace Andr\u00e9e Chedid pour vous y inscrire gratuitement : <\/h4>\n\n\n\n<h4 class=\"wp-block-heading\"><a href=\"tel:%200141238600\">01 41 23 86 00<\/a><\/h4>\n\n\n\n<h4 class=\"wp-block-heading\"><a href=\"mailto:clavim@ville-issy.fr\">clavim@ville-issy.fr<\/a>&nbsp;<\/h4>\n\n\n\n<h4 class=\"wp-block-heading\">60 rue du G\u00e9n\u00e9ral-Leclerc, 92130 Issy-les-Moulineaux<\/h4>\n\n\n\n<p><\/p>\n\n\n\n<p><\/p>\n\n\n\n<p><\/p>\n","protected":false},"excerpt":{"rendered":"<p>L\u20191vs0 propose des groupes de parole et conf\u00e9rences aux familles qui questionnent leur rapport au virtuel. Les groupes de paroles de parents d\u00e9di\u00e9s au num\u00e9rique \u00c0 l\u20191vs0, une des valeurs cardinales de l\u2019association, c\u2019est la croyance de ses membres en l\u2019int\u00e9r\u00eat des actions de sensibilisation et de formation aux enjeux psychologiques et \u00e9ducatifs du num\u00e9rique. [&hellip;]<\/p>\n","protected":false},"author":1,"featured_media":0,"parent":0,"menu_order":0,"comment_status":"closed","ping_status":"closed","template":"","meta":{"footnotes":""},"class_list":["post-170","page","type-page","status-publish","hentry"],"_links":{"self":[{"href":"http:\/\/institutduvirtuel.eu\/index.php\/wp-json\/wp\/v2\/pages\/170","targetHints":{"allow":["GET"]}}],"collection":[{"href":"http:\/\/institutduvirtuel.eu\/index.php\/wp-json\/wp\/v2\/pages"}],"about":[{"href":"http:\/\/institutduvirtuel.eu\/index.php\/wp-json\/wp\/v2\/types\/page"}],"author":[{"embeddable":true,"href":"http:\/\/institutduvirtuel.eu\/index.php\/wp-json\/wp\/v2\/users\/1"}],"replies":[{"embeddable":true,"href":"http:\/\/institutduvirtuel.eu\/index.php\/wp-json\/wp\/v2\/comments?post=170"}],"version-history":[{"count":4,"href":"http:\/\/institutduvirtuel.eu\/index.php\/wp-json\/wp\/v2\/pages\/170\/revisions"}],"predecessor-version":[{"id":238,"href":"http:\/\/institutduvirtuel.eu\/index.php\/wp-json\/wp\/v2\/pages\/170\/revisions\/238"}],"wp:attachment":[{"href":"http:\/\/institutduvirtuel.eu\/index.php\/wp-json\/wp\/v2\/media?parent=170"}],"curies":[{"name":"wp","href":"https:\/\/api.w.org\/{rel}","templated":true}]}}